{"id":538,"date":"2025-03-10T20:42:00","date_gmt":"2025-03-10T19:42:00","guid":{"rendered":"https:\/\/vhlcolombia.org\/?page_id=538"},"modified":"2025-09-01T22:11:00","modified_gmt":"2025-09-02T03:11:00","slug":"apoyanos","status":"publish","type":"page","link":"https:\/\/vhlcolombia.org\/index.php\/apoyanos\/","title":{"rendered":"apoyanos"},"content":{"rendered":"\t\t<div data-elementor-type=\"wp-page\" data-elementor-id=\"538\" class=\"elementor elementor-538\">\n\t\t\t\t<div class=\"elementor-element elementor-element-1317c08f e-con-full e-flex e-con e-parent\" data-id=\"1317c08f\" data-element_type=\"container\" data-settings=\"{&quot;background_background&quot;:&quot;classic&quot;}\">\n\t\t<div class=\"elementor-element elementor-element-6bf3945e e-con-full e-flex e-con e-child\" data-id=\"6bf3945e\" data-element_type=\"container\">\n\t\t\t\t<div class=\"elementor-element elementor-element-258f778 elementor-widget elementor-widget-image\" data-id=\"258f778\" data-element_type=\"widget\" data-widget_type=\"image.default\">\n\t\t\t\t<div class=\"elementor-widget-container\">\n\t\t\t\t\t\t\t\t\t\t\t\t\t\t\t<img fetchpriority=\"high\" decoding=\"async\" width=\"1080\" height=\"1080\" src=\"https:\/\/vhlcolombia.org\/wp-content\/uploads\/2025\/03\/MensajerosdeEsperanza-Cali-1.jpg\" class=\"attachment-full size-full wp-image-599\" alt=\"\" srcset=\"https:\/\/vhlcolombia.org\/wp-content\/uploads\/2025\/03\/MensajerosdeEsperanza-Cali-1.jpg 1080w, https:\/\/vhlcolombia.org\/wp-content\/uploads\/2025\/03\/MensajerosdeEsperanza-Cali-1-300x300.jpg 300w, https:\/\/vhlcolombia.org\/wp-content\/uploads\/2025\/03\/MensajerosdeEsperanza-Cali-1-1024x1024.jpg 1024w, https:\/\/vhlcolombia.org\/wp-content\/uploads\/2025\/03\/MensajerosdeEsperanza-Cali-1-150x150.jpg 150w, https:\/\/vhlcolombia.org\/wp-content\/uploads\/2025\/03\/MensajerosdeEsperanza-Cali-1-768x768.jpg 768w\" sizes=\"(max-width: 1080px) 100vw, 1080px\" \/>\t\t\t\t\t\t\t\t\t\t\t\t\t\t\t<\/div>\n\t\t\t\t<\/div>\n\t\t\t\t<\/div>\n\t\t<div class=\"elementor-element elementor-element-1d1ceeb7 e-con-full e-flex e-con e-child\" data-id=\"1d1ceeb7\" data-element_type=\"container\">\n\t\t\t\t<div class=\"elementor-element elementor-element-5441cb66 elementor-widget elementor-widget-heading\" data-id=\"5441cb66\" data-element_type=\"widget\" data-widget_type=\"heading.default\">\n\t\t\t\t<div class=\"elementor-widget-container\">\n\t\t\t\t\t<h1 class=\"elementor-heading-title elementor-size-default\">Plan Padrino<\/h1>\t\t\t\t<\/div>\n\t\t\t\t<\/div>\n\t\t\t\t<div class=\"elementor-element elementor-element-6321f01 elementor-widget elementor-widget-text-editor\" data-id=\"6321f01\" data-element_type=\"widget\" data-widget_type=\"text-editor.default\">\n\t\t\t\t<div class=\"elementor-widget-container\">\n\t\t\t\t\t\t\t\t\t<p>En\u00a0<strong>Mensajeros de Esperanza<\/strong>, tu apoyo es la fuerza esencial de nuestra organizaci\u00f3n. <br \/><br \/>Con el <strong>Plan Padrino<\/strong>, puedes elegir c\u00f3mo acompa\u00f1arnos: ya sea como empresa, persona o aliado estrat\u00e9gico. Cada aporte no solo financia instrumentos y talleres, tambi\u00e9n escribe historias de oportunidades para ni\u00f1os y j\u00f3venes en nuestro territorio.<\/p>\t\t\t\t\t\t\t\t<\/div>\n\t\t\t\t<\/div>\n\t\t\t\t<\/div>\n\t\t\t\t<\/div>\n\t\t<div class=\"elementor-element elementor-element-429eee6 e-flex e-con-boxed e-con e-parent\" data-id=\"429eee6\" data-element_type=\"container\" data-settings=\"{&quot;background_background&quot;:&quot;classic&quot;}\">\n\t\t\t\t\t<div class=\"e-con-inner\">\n\t\t\t\t<div class=\"elementor-element elementor-element-73b6843 elementor-widget elementor-widget-spacer\" data-id=\"73b6843\" data-element_type=\"widget\" data-widget_type=\"spacer.default\">\n\t\t\t\t<div class=\"elementor-widget-container\">\n\t\t\t\t\t\t\t<div class=\"elementor-spacer\">\n\t\t\t<div class=\"elementor-spacer-inner\"><\/div>\n\t\t<\/div>\n\t\t\t\t\t\t<\/div>\n\t\t\t\t<\/div>\n\t\t\t\t<div class=\"elementor-element elementor-element-f7b87d0 elementor-view-default elementor-widget elementor-widget-icon\" data-id=\"f7b87d0\" data-element_type=\"widget\" data-widget_type=\"icon.default\">\n\t\t\t\t<div class=\"elementor-widget-container\">\n\t\t\t\t\t\t\t<div class=\"elementor-icon-wrapper\">\n\t\t\t<div class=\"elementor-icon\">\n\t\t\t<svg aria-hidden=\"true\" class=\"e-font-icon-svg e-fas-hands\" viewBox=\"0 0 640 512\" xmlns=\"http:\/\/www.w3.org\/2000\/svg\"><path d=\"M204.8 230.4c-10.6-14.1-30.7-17-44.8-6.4-14.1 10.6-17 30.7-6.4 44.8l38.1 50.8c4.8 6.4 4.1 15.3-1.5 20.9l-12.8 12.8c-6.7 6.7-17.6 6.2-23.6-1.1L64 244.4V96c0-17.7-14.3-32-32-32S0 78.3 0 96v218.4c0 10.9 3.7 21.5 10.5 30l104.1 134.3c5 6.5 8.4 13.9 10.4 21.7 1.8 6.9 8.1 11.6 15.3 11.6H272c8.8 0 16-7.2 16-16V384c0-27.7-9-54.6-25.6-76.8l-57.6-76.8zM608 64c-17.7 0-32 14.3-32 32v148.4l-89.8 107.8c-6 7.2-17 7.7-23.6 1.1l-12.8-12.8c-5.6-5.6-6.3-14.5-1.5-20.9l38.1-50.8c10.6-14.1 7.7-34.2-6.4-44.8-14.1-10.6-34.2-7.7-44.8 6.4l-57.6 76.8C361 329.4 352 356.3 352 384v112c0 8.8 7.2 16 16 16h131.7c7.1 0 13.5-4.7 15.3-11.6 2-7.8 5.4-15.2 10.4-21.7l104.1-134.3c6.8-8.5 10.5-19.1 10.5-30V96c0-17.7-14.3-32-32-32z\"><\/path><\/svg>\t\t\t<\/div>\n\t\t<\/div>\n\t\t\t\t\t\t<\/div>\n\t\t\t\t<\/div>\n\t\t\t\t<div class=\"elementor-element elementor-element-aad00f2 elementor-widget elementor-widget-heading\" data-id=\"aad00f2\" data-element_type=\"widget\" data-widget_type=\"heading.default\">\n\t\t\t\t<div class=\"elementor-widget-container\">\n\t\t\t\t\t<h1 class=\"elementor-heading-title elementor-size-default\">\u00bfC\u00f3mo unirte?<\/h1>\t\t\t\t<\/div>\n\t\t\t\t<\/div>\n\t\t\t\t<div class=\"elementor-element elementor-element-4afc8a5 elementor-widget elementor-widget-heading\" data-id=\"4afc8a5\" data-element_type=\"widget\" data-widget_type=\"heading.default\">\n\t\t\t\t<div class=\"elementor-widget-container\">\n\t\t\t\t\t<h1 class=\"elementor-heading-title elementor-size-default\">Empresas: Impacto y Responsabilidad Social<\/h1>\t\t\t\t<\/div>\n\t\t\t\t<\/div>\n\t\t\t\t<div class=\"elementor-element elementor-element-c400707 elementor-widget elementor-widget-spacer\" data-id=\"c400707\" data-element_type=\"widget\" data-widget_type=\"spacer.default\">\n\t\t\t\t<div class=\"elementor-widget-container\">\n\t\t\t\t\t\t\t<div class=\"elementor-spacer\">\n\t\t\t<div class=\"elementor-spacer-inner\"><\/div>\n\t\t<\/div>\n\t\t\t\t\t\t<\/div>\n\t\t\t\t<\/div>\n\t\t\t\t<div class=\"elementor-element elementor-element-4819bc7 elementor-widget elementor-widget-text-editor\" data-id=\"4819bc7\" data-element_type=\"widget\" data-widget_type=\"text-editor.default\">\n\t\t\t\t<div class=\"elementor-widget-container\">\n\t\t\t\t\t\t\t\t\t<p data-pm-slice=\"1 3 []\">Las <strong>empresas<\/strong> pueden ser parte del <strong>Plan Padrino<\/strong> a trav\u00e9s de:<\/p><ul data-spread=\"false\"><li><p><strong>Donaciones con beneficios tributarios<\/strong>: Recibe un certificado de donaci\u00f3n para deducciones fiscales.<\/p><\/li><li><p><strong>Patrocinio de conciertos y eventos corporativos<\/strong>: Lleva la m\u00e1gica experiencia de la orquesta a tu empresa.<\/p><\/li><li><p><strong>Actividades solidarias<\/strong>: Organiza eventos como bingos, cenas, mercados y desfiles en apoyo a la fundaci\u00f3n.<\/p><\/li><li><strong data-start=\"511\" data-end=\"537\">Donaciones en especie:<\/strong> Puedes contribuir tambi\u00e9n con instrumentos musicales, alimentos, papeler\u00eda o insumos que faciliten el desarrollo de las actividades de la orquesta y la formaci\u00f3n de nuestros estudiantes.<br \/><br \/><\/li><li><strong>Aporte profesional solidario:<\/strong> Comparte tu talento y conocimientos para transformar vidas. Abogados, psic\u00f3logos, pedagogos y otros profesionales pueden donar su tiempo y experiencia para apoyar el desarrollo integral de los estudiantes y fortalecer la labor de nuestra fundaci\u00f3n.<\/li><\/ul>\t\t\t\t\t\t\t\t<\/div>\n\t\t\t\t<\/div>\n\t\t\t\t<div class=\"elementor-element elementor-element-ab3db53 elementor-widget-divider--view-line elementor-widget elementor-widget-divider\" data-id=\"ab3db53\" data-element_type=\"widget\" data-widget_type=\"divider.default\">\n\t\t\t\t<div class=\"elementor-widget-container\">\n\t\t\t\t\t\t\t<div class=\"elementor-divider\">\n\t\t\t<span class=\"elementor-divider-separator\">\n\t\t\t\t\t\t<\/span>\n\t\t<\/div>\n\t\t\t\t\t\t<\/div>\n\t\t\t\t<\/div>\n\t\t\t\t<div class=\"elementor-element elementor-element-d9b782e elementor-widget elementor-widget-heading\" data-id=\"d9b782e\" data-element_type=\"widget\" data-widget_type=\"heading.default\">\n\t\t\t\t<div class=\"elementor-widget-container\">\n\t\t\t\t\t<h1 class=\"elementor-heading-title elementor-size-default\">Formas de Apoyar<\/h1>\t\t\t\t<\/div>\n\t\t\t\t<\/div>\n\t\t\t\t<div class=\"elementor-element elementor-element-c4fe332 elementor-widget elementor-widget-heading\" data-id=\"c4fe332\" data-element_type=\"widget\" data-widget_type=\"heading.default\">\n\t\t\t\t<div class=\"elementor-widget-container\">\n\t\t\t\t\t<h1 class=\"elementor-heading-title elementor-size-default\">Personas: tu aporte, una Nota Clave<\/h1>\t\t\t\t<\/div>\n\t\t\t\t<\/div>\n\t\t\t\t<div class=\"elementor-element elementor-element-dcbb5de elementor-widget elementor-widget-text-editor\" data-id=\"dcbb5de\" data-element_type=\"widget\" data-widget_type=\"text-editor.default\">\n\t\t\t\t<div class=\"elementor-widget-container\">\n\t\t\t\t\t\t\t\t\t<p data-pm-slice=\"1 1 []\">Si eres un particular, tambi\u00e9n puedes contribuir y recibir un <strong>certificado de donaci\u00f3n<\/strong>. Cada aporte se convierte en una oportunidad para que nuestros estudiantes sigan creciendo a trav\u00e9s de la m\u00fasica.<\/p>\t\t\t\t\t\t\t\t<\/div>\n\t\t\t\t<\/div>\n\t\t\t\t<div class=\"elementor-element elementor-element-8b7ec10 elementor-widget elementor-widget-text-editor\" data-id=\"8b7ec10\" data-element_type=\"widget\" data-widget_type=\"text-editor.default\">\n\t\t\t\t<div class=\"elementor-widget-container\">\n\t\t\t\t\t\t\t\t\t<p>\u00a0<\/p><ul data-spread=\"false\"><li><p><strong>Organizaci\u00f3n de eventos<\/strong>: Lleva la orquesta sinf\u00f3nica a tu evento. Ofrecemos m\u00fasica en vivo para ceremonias, actos religiosos y celebraciones para crear momentos inolvidables.<\/p><\/li><li><p><strong>Patrocinio de conciertos<\/strong>: Con tu apoyo, llevamos la m\u00fasica a instituciones y escenarios.<\/p><\/li><\/ul>\t\t\t\t\t\t\t\t<\/div>\n\t\t\t\t<\/div>\n\t\t\t\t\t<\/div>\n\t\t\t\t<\/div>\n\t\t<div class=\"elementor-element elementor-element-2975b20 e-flex e-con-boxed e-con e-parent\" data-id=\"2975b20\" data-element_type=\"container\">\n\t\t\t\t\t<div class=\"e-con-inner\">\n\t\t\t\t<div class=\"elementor-element elementor-element-fbb3551 elementor-view-default elementor-widget elementor-widget-icon\" data-id=\"fbb3551\" data-element_type=\"widget\" data-widget_type=\"icon.default\">\n\t\t\t\t<div class=\"elementor-widget-container\">\n\t\t\t\t\t\t\t<div class=\"elementor-icon-wrapper\">\n\t\t\t<div class=\"elementor-icon\">\n\t\t\t<svg aria-hidden=\"true\" class=\"e-font-icon-svg e-fas-donate\" viewBox=\"0 0 512 512\" xmlns=\"http:\/\/www.w3.org\/2000\/svg\"><path d=\"M256 416c114.9 0 208-93.1 208-208S370.9 0 256 0 48 93.1 48 208s93.1 208 208 208zM233.8 97.4V80.6c0-9.2 7.4-16.6 16.6-16.6h11.1c9.2 0 16.6 7.4 16.6 16.6v17c15.5.8 30.5 6.1 43 15.4 5.6 4.1 6.2 12.3 1.2 17.1L306 145.6c-3.8 3.7-9.5 3.8-14 1-5.4-3.4-11.4-5.1-17.8-5.1h-38.9c-9 0-16.3 8.2-16.3 18.3 0 8.2 5 15.5 12.1 17.6l62.3 18.7c25.7 7.7 43.7 32.4 43.7 60.1 0 34-26.4 61.5-59.1 62.4v16.8c0 9.2-7.4 16.6-16.6 16.6h-11.1c-9.2 0-16.6-7.4-16.6-16.6v-17c-15.5-.8-30.5-6.1-43-15.4-5.6-4.1-6.2-12.3-1.2-17.1l16.3-15.5c3.8-3.7 9.5-3.8 14-1 5.4 3.4 11.4 5.1 17.8 5.1h38.9c9 0 16.3-8.2 16.3-18.3 0-8.2-5-15.5-12.1-17.6l-62.3-18.7c-25.7-7.7-43.7-32.4-43.7-60.1.1-34 26.4-61.5 59.1-62.4zM480 352h-32.5c-19.6 26-44.6 47.7-73 64h63.8c5.3 0 9.6 3.6 9.6 8v16c0 4.4-4.3 8-9.6 8H73.6c-5.3 0-9.6-3.6-9.6-8v-16c0-4.4 4.3-8 9.6-8h63.8c-28.4-16.3-53.3-38-73-64H32c-17.7 0-32 14.3-32 32v96c0 17.7 14.3 32 32 32h448c17.7 0 32-14.3 32-32v-96c0-17.7-14.3-32-32-32z\"><\/path><\/svg>\t\t\t<\/div>\n\t\t<\/div>\n\t\t\t\t\t\t<\/div>\n\t\t\t\t<\/div>\n\t\t\t\t<div class=\"elementor-element elementor-element-c428b4f elementor-widget elementor-widget-heading\" data-id=\"c428b4f\" data-element_type=\"widget\" data-widget_type=\"heading.default\">\n\t\t\t\t<div class=\"elementor-widget-container\">\n\t\t\t\t\t<h1 class=\"elementor-heading-title elementor-size-default\">Conoce c\u00f3mo hacer tu donaci\u00f3n.<\/h1>\t\t\t\t<\/div>\n\t\t\t\t<\/div>\n\t\t\t\t\t<\/div>\n\t\t\t\t<\/div>\n\t\t<div class=\"elementor-element elementor-element-3e22b91 e-flex e-con-boxed e-con e-parent\" data-id=\"3e22b91\" data-element_type=\"container\" data-settings=\"{&quot;background_background&quot;:&quot;classic&quot;}\">\n\t\t\t\t\t<div class=\"e-con-inner\">\n\t\t\t\t<div class=\"elementor-element elementor-element-b6e9433 elementor-widget elementor-widget-text-editor\" data-id=\"b6e9433\" data-element_type=\"widget\" data-widget_type=\"text-editor.default\">\n\t\t\t\t<div class=\"elementor-widget-container\">\n\t\t\t\t\t\t\t\t\t<ul><li style=\"list-style-type: none;\"><ul><li style=\"list-style-type: none;\"><ul><li style=\"list-style-type: none;\"><ul data-spread=\"false\"><li><p data-pm-slice=\"1 1 []\"><strong>\u00a0Transferencia Bancaria<\/strong> <strong>en l\u00ednea<\/strong> a trav\u00e9s de <strong>PSE\u00a0 <\/strong><\/p><\/li><\/ul><\/li><\/ul><\/li><\/ul><\/li><\/ul>\t\t\t\t\t\t\t\t<\/div>\n\t\t\t\t<\/div>\n\t\t\t\t<div class=\"elementor-element elementor-element-ab42d95 elementor-widget elementor-widget-image\" data-id=\"ab42d95\" data-element_type=\"widget\" data-widget_type=\"image.default\">\n\t\t\t\t<div class=\"elementor-widget-container\">\n\t\t\t\t\t\t\t\t\t\t\t\t\t\t\t\t<a href=\"https:\/\/portalpagos.davivienda.com\/#\/comercio\/6990\/FUNDACION%20MENSAJEROS%20DE%20ESPERANZA\">\n\t\t\t\t\t\t\t<img decoding=\"async\" src=\"https:\/\/vhlcolombia.org\/wp-content\/uploads\/elementor\/thumbs\/PSE-600x600-1-r2o5uluur5eq850m6d91watpelp8u5a927zzcaf9w0.png\" title=\"PSE-600&#215;600\" alt=\"PSE-600x600\" loading=\"lazy\" \/>\t\t\t\t\t\t\t\t<\/a>\n\t\t\t\t\t\t\t\t\t\t\t\t\t\t\t<\/div>\n\t\t\t\t<\/div>\n\t\t\t\t<div class=\"elementor-element elementor-element-b3cbf9c elementor-widget elementor-widget-heading\" data-id=\"b3cbf9c\" data-element_type=\"widget\" data-widget_type=\"heading.default\">\n\t\t\t\t<div class=\"elementor-widget-container\">\n\t\t\t\t\t<h1 class=\"elementor-heading-title elementor-size-default\">Ap\u00f3yanos hoy y convi\u00e9rtete en un Padrino <\/h1>\t\t\t\t<\/div>\n\t\t\t\t<\/div>\n\t\t\t\t<div class=\"elementor-element elementor-element-8e98432 elementor-align-center elementor-invisible elementor-widget elementor-widget-button\" data-id=\"8e98432\" data-element_type=\"widget\" data-settings=\"{&quot;_animation&quot;:&quot;fadeInDown&quot;}\" data-widget_type=\"button.default\">\n\t\t\t\t<div class=\"elementor-widget-container\">\n\t\t\t\t\t\t\t\t\t<div class=\"elementor-button-wrapper\">\n\t\t\t\t\t<a class=\"elementor-button elementor-button-link elementor-size-sm\" href=\"https:\/\/portalpagos.davivienda.com\/#\/comercio\/6990\/FUNDACION%20MENSAJEROS%20DE%20ESPERANZA\">\n\t\t\t\t\t\t<span class=\"elementor-button-content-wrapper\">\n\t\t\t\t\t\t\t\t\t<span class=\"elementor-button-text\">\u00a1Apadrina Ahora!<\/span>\n\t\t\t\t\t<\/span>\n\t\t\t\t\t<\/a>\n\t\t\t\t<\/div>\n\t\t\t\t\t\t\t\t<\/div>\n\t\t\t\t<\/div>\n\t\t\t\t<div class=\"elementor-element elementor-element-bb68cef elementor-widget elementor-widget-text-editor\" data-id=\"bb68cef\" data-element_type=\"widget\" data-widget_type=\"text-editor.default\">\n\t\t\t\t<div class=\"elementor-widget-container\">\n\t\t\t\t\t\t\t\t\t<section style=\"background-color: #f9fafb; border-radius: 12px; padding: 20px; margin: 30px 0; box-shadow: 0 2px 6px rgba(0,0,0,0.1); font-family: Arial, sans-serif;\"><h2 style=\"color: #d32f2f; font-size: 1.5em; margin-bottom: 15px;\"><img decoding=\"async\" class=\"emoji\" role=\"img\" draggable=\"false\" src=\"https:\/\/s.w.org\/images\/core\/emoji\/16.0.1\/svg\/1f4b3.svg\" alt=\"\ud83d\udcb3\" \/> Donaciones con Llave Bre-B<\/h2><p>Ahora puedes apoyar a la <strong>Fundaci\u00f3n Mensajeros de Esperanza<\/strong> de manera sencilla y segura, mediante<br \/><strong>Llave Bre-B<\/strong><\/p><p style=\"background: #e3f2fd; padding: 10px; border-radius: 8px; margin: 15px 0;\"><img decoding=\"async\" class=\"emoji\" role=\"img\" draggable=\"false\" src=\"https:\/\/s.w.org\/images\/core\/emoji\/16.0.1\/svg\/1f310.svg\" alt=\"\ud83c\udf10\" \/> Con <strong>Bre-B<\/strong>, sin importar el banco al que pertenezcas, es posible enviar y recibir dinero en cuesti\u00f3n de segundos.<br \/>Solo debes registrar tus llaves y decidir a qu\u00e9 cuenta de ahorros, corriente o dep\u00f3sito simplificado las quieres vincular.<\/p><ul style=\"line-height: 1.6; margin: 15px 0;\"><li>Recuerda que tu <strong>Llave<\/strong> puede ser un n\u00famero de celular, un correo electr\u00f3nico o tu documento de identidad registrado en tu banco personal<\/li><li>El proceso de registro es <strong>gratuito<\/strong> y se realiza \u00fanicamente en tu banco<\/li><li><strong>No aceptes operaciones<\/strong> por mensajes de texto, WhatsApp ni enlaces externos.<\/li><li>Bre-B no cuenta con aplicaciones propias ni con redes sociales.Funciona 24\/7<\/li><\/ul><p style=\"margin-top: 10px;\"><img decoding=\"async\" class=\"emoji\" role=\"img\" draggable=\"false\" src=\"https:\/\/s.w.org\/images\/core\/emoji\/16.0.1\/svg\/1f4cc.svg\" alt=\"\ud83d\udccc\" \/> <em>A partir del 22 de septiembre de 2025<\/em> estar\u00e1 disponible la opci\u00f3n de realizar transferencias y donaciones en la zona Bre-B de Davivienda.<\/p><div style=\"margin-top: 15px; padding: 15px; background: #fff3e0; border: 1px solid #ffd54f; border-radius: 8px;\"><img decoding=\"async\" class=\"emoji\" role=\"img\" draggable=\"false\" src=\"https:\/\/s.w.org\/images\/core\/emoji\/16.0.1\/svg\/1f449.svg\" alt=\"\ud83d\udc49\" \/> Para donar, ingresa a Davivienda, selecciona la opci\u00f3n <strong>\u201cTransferir con Llave\u201d<\/strong> y escribe la Llave asignada a la Fundaci\u00f3n:<br \/><br \/><br \/><span style=\"font-size: 1.2em; font-weight: bold; color: #2e7d32;\">[Aqu\u00ed va la Llave de la Fundaci\u00f3n]<\/span><\/div><\/section>\t\t\t\t\t\t\t\t<\/div>\n\t\t\t\t<\/div>\n\t\t\t\t<div class=\"elementor-element elementor-element-0bc4193 elementor-widget elementor-widget-spacer\" data-id=\"0bc4193\" data-element_type=\"widget\" data-widget_type=\"spacer.default\">\n\t\t\t\t<div class=\"elementor-widget-container\">\n\t\t\t\t\t\t\t<div class=\"elementor-spacer\">\n\t\t\t<div class=\"elementor-spacer-inner\"><\/div>\n\t\t<\/div>\n\t\t\t\t\t\t<\/div>\n\t\t\t\t<\/div>\n\t\t\t\t\t<\/div>\n\t\t\t\t<\/div>\n\t\t<div class=\"elementor-element elementor-element-663a27d e-flex e-con-boxed e-con e-parent\" data-id=\"663a27d\" data-element_type=\"container\">\n\t\t\t\t\t<div class=\"e-con-inner\">\n\t\t<div class=\"elementor-element elementor-element-fb02887 e-con-full e-flex e-con e-child\" data-id=\"fb02887\" data-element_type=\"container\">\n\t\t\t\t<div class=\"elementor-element elementor-element-e5ef894 elementor-widget elementor-widget-text-editor\" data-id=\"e5ef894\" data-element_type=\"widget\" data-widget_type=\"text-editor.default\">\n\t\t\t\t<div class=\"elementor-widget-container\">\n\t\t\t\t\t\t\t\t\t<ul data-spread=\"false\"><li><p data-pm-slice=\"1 1 []\"><strong>Transferencia Bancaria en Colombia<\/strong><br \/>Cuenta de Ahorros No. <strong>108900315491<\/strong><br \/>Banco: <strong>Davivienda<br \/><\/strong><br \/>Titular: <strong>Fundaci\u00f3n Mensajeros de Esperanza<\/strong><br \/>NIT: <strong>805027772-5<\/strong><\/p><\/li><\/ul>\t\t\t\t\t\t\t\t<\/div>\n\t\t\t\t<\/div>\n\t\t\t\t<\/div>\n\t\t<div class=\"elementor-element elementor-element-47aa4fb e-con-full e-flex e-con e-child\" data-id=\"47aa4fb\" data-element_type=\"container\">\n\t\t\t\t<div class=\"elementor-element elementor-element-4dd036d elementor-widget elementor-widget-text-editor\" data-id=\"4dd036d\" data-element_type=\"widget\" data-widget_type=\"text-editor.default\">\n\t\t\t\t<div class=\"elementor-widget-container\">\n\t\t\t\t\t\t\t\t\t<ul data-spread=\"false\"><li><p data-pm-slice=\"1 1 []\"><strong>Transferencia Bancaria en Colombia<\/strong><br \/>Cuenta de Ahorros No. <strong>073005426<\/strong><br \/>Banco: <strong>Banco Ita\u00fa<br \/><\/strong><br \/>Titular: <strong>Fundaci\u00f3n Mensajeros de Esperanza<\/strong><br \/>NIT: <strong>805027772-5<\/strong><\/p><\/li><\/ul>\t\t\t\t\t\t\t\t<\/div>\n\t\t\t\t<\/div>\n\t\t\t\t<\/div>\n\t\t\t\t\t<\/div>\n\t\t\t\t<\/div>\n\t\t<div class=\"elementor-element elementor-element-381a6db e-flex e-con-boxed e-con e-parent\" data-id=\"381a6db\" data-element_type=\"container\" data-settings=\"{&quot;background_background&quot;:&quot;classic&quot;}\">\n\t\t\t\t\t<div class=\"e-con-inner\">\n\t\t\t\t<div class=\"elementor-element elementor-element-044cfa4 elementor-widget elementor-widget-text-editor\" data-id=\"044cfa4\" data-element_type=\"widget\" data-widget_type=\"text-editor.default\">\n\t\t\t\t<div class=\"elementor-widget-container\">\n\t\t\t\t\t\t\t\t\t<ul style=\"text-align: center;\" data-spread=\"false\"><li><p style=\"text-align: left;\" data-pm-slice=\"1 1 []\"><strong>Donaciones Internacionales<br \/><\/strong>C\u00f3digo SWIFT: <strong>[XXXXXX]<\/strong><br \/>Banco: <strong>[Nombre del banco]<\/strong><br \/>Pa\u00eds: <strong>Colombia<\/strong><\/p><\/li><\/ul>\t\t\t\t\t\t\t\t<\/div>\n\t\t\t\t<\/div>\n\t\t\t\t<div class=\"elementor-element elementor-element-de06cd2 elementor-widget elementor-widget-spacer\" data-id=\"de06cd2\" data-element_type=\"widget\" data-widget_type=\"spacer.default\">\n\t\t\t\t<div class=\"elementor-widget-container\">\n\t\t\t\t\t\t\t<div class=\"elementor-spacer\">\n\t\t\t<div class=\"elementor-spacer-inner\"><\/div>\n\t\t<\/div>\n\t\t\t\t\t\t<\/div>\n\t\t\t\t<\/div>\n\t\t\t\t\t<\/div>\n\t\t\t\t<\/div>\n\t\t<div class=\"elementor-element elementor-element-65c33bc e-flex e-con-boxed e-con e-parent\" data-id=\"65c33bc\" data-element_type=\"container\">\n\t\t\t\t\t<div class=\"e-con-inner\">\n\t\t\t\t<div class=\"elementor-element elementor-element-c6ba85f elementor-widget elementor-widget-spacer\" data-id=\"c6ba85f\" data-element_type=\"widget\" data-widget_type=\"spacer.default\">\n\t\t\t\t<div class=\"elementor-widget-container\">\n\t\t\t\t\t\t\t<div class=\"elementor-spacer\">\n\t\t\t<div class=\"elementor-spacer-inner\"><\/div>\n\t\t<\/div>\n\t\t\t\t\t\t<\/div>\n\t\t\t\t<\/div>\n\t\t\t\t\t<\/div>\n\t\t\t\t<\/div>\n\t\t\t\t<\/div>\n\t\t","protected":false},"excerpt":{"rendered":"<p>Plan Padrino En\u00a0Mensajeros de Esperanza, tu apoyo es la fuerza esencial de nuestra organizaci\u00f3n. Con el Plan Padrino, puedes elegir [&hellip;]<\/p>\n","protected":false},"author":1,"featured_media":0,"parent":0,"menu_order":0,"comment_status":"closed","ping_status":"closed","template":"elementor_header_footer","meta":{"site-sidebar-layout":"default","site-content-layout":"","ast-site-content-layout":"default","site-content-style":"default","site-sidebar-style":"default","ast-global-header-display":"","ast-banner-title-visibility":"","ast-main-header-display":"","ast-hfb-above-header-display":"","ast-hfb-below-header-display":"","ast-hfb-mobile-header-display":"","site-post-title":"","ast-breadcrumbs-content":"","ast-featured-img":"","footer-sml-layout":"","theme-transparent-header-meta":"","adv-header-id-meta":"","stick-header-meta":"","header-above-stick-meta":"","header-main-stick-meta":"","header-below-stick-meta":"","astra-migrate-meta-layouts":"default","ast-page-background-enabled":"default","ast-page-background-meta":{"desktop":{"background-color":"var(--ast-global-color-5)","background-image":"","background-repeat":"repeat","background-position":"center center","background-size":"auto","background-attachment":"scroll","background-type":"","background-media":"","overlay-type":"","overlay-color":"","overlay-opacity":"","overlay-gradient":""},"tablet":{"background-color":"","background-image":"","background-repeat":"repeat","background-position":"center center","background-size":"auto","background-attachment":"scroll","background-type":"","background-media":"","overlay-type":"","overlay-color":"","overlay-opacity":"","overlay-gradient":""},"mobile":{"background-color":"","background-image":"","background-repeat":"repeat","background-position":"center center","background-size":"auto","background-attachment":"scroll","background-type":"","background-media":"","overlay-type":"","overlay-color":"","overlay-opacity":"","overlay-gradient":""}},"ast-content-background-meta":{"desktop":{"background-color":"var(--ast-global-color-4)","background-image":"","background-repeat":"repeat","background-position":"center center","background-size":"auto","background-attachment":"scroll","background-type":"","background-media":"","overlay-type":"","overlay-color":"","overlay-opacity":"","overlay-gradient":""},"tablet":{"background-color":"var(--ast-global-color-4)","background-image":"","background-repeat":"repeat","background-position":"center center","background-size":"auto","background-attachment":"scroll","background-type":"","background-media":"","overlay-type":"","overlay-color":"","overlay-opacity":"","overlay-gradient":""},"mobile":{"background-color":"var(--ast-global-color-4)","background-image":"","background-repeat":"repeat","background-position":"center center","background-size":"auto","background-attachment":"scroll","background-type":"","background-media":"","overlay-type":"","overlay-color":"","overlay-opacity":"","overlay-gradient":""}},"footnotes":""},"class_list":["post-538","page","type-page","status-publish","hentry"],"_links":{"self":[{"href":"https:\/\/vhlcolombia.org\/index.php\/wp-json\/wp\/v2\/pages\/538","targetHints":{"allow":["GET"]}}],"collection":[{"href":"https:\/\/vhlcolombia.org\/index.php\/wp-json\/wp\/v2\/pages"}],"about":[{"href":"https:\/\/vhlcolombia.org\/index.php\/wp-json\/wp\/v2\/types\/page"}],"author":[{"embeddable":true,"href":"https:\/\/vhlcolombia.org\/index.php\/wp-json\/wp\/v2\/users\/1"}],"replies":[{"embeddable":true,"href":"https:\/\/vhlcolombia.org\/index.php\/wp-json\/wp\/v2\/comments?post=538"}],"version-history":[{"count":259,"href":"https:\/\/vhlcolombia.org\/index.php\/wp-json\/wp\/v2\/pages\/538\/revisions"}],"predecessor-version":[{"id":1617,"href":"https:\/\/vhlcolombia.org\/index.php\/wp-json\/wp\/v2\/pages\/538\/revisions\/1617"}],"wp:attachment":[{"href":"https:\/\/vhlcolombia.org\/index.php\/wp-json\/wp\/v2\/media?parent=538"}],"curies":[{"name":"wp","href":"https:\/\/api.w.org\/{rel}","templated":true}]}}